{"id":3,"date":"2024-08-17T11:17:10","date_gmt":"2024-08-17T11:17:10","guid":{"rendered":"http:\/\/digitways.live-website.com\/?page_id=3"},"modified":"2024-09-01T10:30:43","modified_gmt":"2024-09-01T09:30:43","slug":"privacy-policy","status":"publish","type":"page","link":"https:\/\/digit-ways.com\/en\/privacy-policy\/","title":{"rendered":"Legal notices"},"content":{"rendered":"<div style=\"height:45px\" aria-hidden=\"true\" class=\"wp-block-spacer\"><\/div>\n\n\n\n<h2 class=\"wp-block-heading has-text-align-center has-ast-global-color-1-color has-text-color has-link-color has-x-large-font-size wp-elements-1475a1609818eed57932c00294b73b3b\" style=\"margin-top:0;margin-right:0;margin-bottom:0;margin-left:0;text-transform:none\">Mention l\u00e9gales<\/h2>\n\n\n\n<div style=\"height:58px\" aria-hidden=\"true\" class=\"wp-block-spacer\"><\/div>\n\n\n\n<div class=\"wp-block-columns is-layout-flex wp-container-core-columns-is-layout-188233a6 wp-block-columns-is-layout-flex\" style=\"margin-top:0;margin-bottom:0;padding-top:0;padding-bottom:0\">\n<div class=\"wp-block-column is-vertically-aligned-top is-layout-flow wp-block-column-is-layout-flow\">\n<h2 class=\"wp-block-heading\" style=\"margin-right:0;margin-left:0\">Editeur<\/h2>\n\n\n\n<ul class=\"wp-block-list\">\n<li><strong>Forme juridique :<\/strong> Micro-entreprise<\/li>\n\n\n\n<li><strong>Num\u00e9ro d&rsquo;immatriculation au RCS :<\/strong> &#8212;&#8211;<\/li>\n\n\n\n<li><strong>Adresse postale : <\/strong>Marseille<\/li>\n\n\n\n<li><strong>Adresse \u00e9lectronique :<\/strong> <a href=\"mailto:contact@digitways.com\">contact@digitways.com<\/a> <\/li>\n\n\n\n<li style=\"padding-top:0;padding-right:0;padding-bottom:0;padding-left:0\"><strong>Num\u00e9ro de t\u00e9l\u00e9phone :<\/strong> +33 (0) 6 51 03 61 28<\/li>\n\n\n\n<li><strong>Directeur de la publication : <\/strong>Missipsa Iberrakene<\/li>\n<\/ul>\n<\/div>\n\n\n\n<div class=\"wp-block-column is-layout-flow wp-container-core-column-is-layout-4bb831e8 wp-block-column-is-layout-flow\" style=\"padding-top:0;padding-right:0px;padding-bottom:0;padding-left:0px;flex-basis:300px\"><\/div>\n\n\n\n<div class=\"wp-block-column is-layout-flow wp-block-column-is-layout-flow\">\n<h2 class=\"wp-block-heading\"><strong>H\u00e9bergeur<\/strong><\/h2>\n\n\n\n<ul class=\"wp-block-list\">\n<li><strong>Raison sociale :<\/strong> IONOS<\/li>\n\n\n\n<li><strong>Adresse :<\/strong> 7 PLACE DE LA GARE, 57200 SARREGUEMINES, France<\/li>\n\n\n\n<li><strong>T\u00e9l\u00e9phone :<\/strong> 0970 808 911<\/li>\n\n\n\n<li><strong>E-mail :<\/strong> <a href=\"mailto:info@ionos.co.uk\">info@ionos.fr<\/a><\/li>\n<\/ul>\n<\/div>\n<\/div>\n\n\n\n<div class=\"wp-block-columns are-vertically-aligned-top is-layout-flex wp-container-core-columns-is-layout-0e0088bb wp-block-columns-is-layout-flex\" style=\"padding-top:30px;padding-bottom:30px\">\n<div class=\"wp-block-column is-vertically-aligned-top is-layout-flow wp-block-column-is-layout-flow\">\n<h2 class=\"wp-block-heading\" style=\"text-transform:none\"><strong>Propri\u00e9t\u00e9 intellectuelle<\/strong><\/h2>\n\n\n\n<p>L&rsquo;ensemble de ce site (structure, design, textes, images, vid\u00e9os, etc.) est la propri\u00e9t\u00e9 exclusive de Digitways. Toute reproduction totale ou partielle de ce site, par quelque proc\u00e9d\u00e9 que ce soit, est strictement interdite sans autorisation \u00e9crite pr\u00e9alable de Digitways. &nbsp;<\/p>\n\n\n\n<h2 class=\"wp-block-heading\" style=\"text-transform:none\"><strong>Protection des donn\u00e9es personnelles<\/strong><\/h2>\n\n\n\n<p>Les informations recueillies sur ce site sont destin\u00e9es \u00e0 Digitways. Conform\u00e9ment \u00e0 la loi \u00ab informatique et libert\u00e9s \u00bb du 6 janvier 1978 modifi\u00e9e et au R\u00e8glement G\u00e9n\u00e9ral sur la Protection des Donn\u00e9es (RGPD), vous disposez d&rsquo;un droit d&rsquo;acc\u00e8s, de rectification et d&rsquo;opposition aux donn\u00e9es vous concernant. Pour exercer ce droit, adressez-vous \u00e0 : <a href=\"mailto:contact@digitways.com\">contact@digitways.com<\/a>.<\/p>\n\n\n\n<h2 class=\"wp-block-heading\" style=\"text-transform:none\"><strong>Cookies<\/strong><\/h2>\n\n\n\n<p>Ce site utilise des cookies afin de r\u00e9aliser des statistiques de visites. Un cookie ne nous permet pas de vous identifier. Vous pouvez toutefois d\u00e9sactiver les cookies en modifiant les param\u00e8tres de votre navigateur.<\/p>\n<\/div>\n\n\n\n<div class=\"wp-block-column is-vertically-aligned-top is-layout-flow wp-block-column-is-layout-flow\">\n<h2 class=\"wp-block-heading\"><strong>Responsabilit\u00e9<\/strong><\/h2>\n\n\n\n<p>Digitways ne saurait \u00eatre tenu responsable des dommages directs ou indirects qui pourraient r\u00e9sulter de l&rsquo;acc\u00e8s ou de l&rsquo;utilisation de ce site, ou de toute interruption, ou de toute ligne de communication, de tout probl\u00e8me technique, quelle qu&rsquo;en soit la nature.<\/p>\n\n\n\n<h2 class=\"wp-block-heading\" style=\"text-transform:none\"><strong>Liens hypertextes<\/strong><\/h2>\n\n\n\n<p>Le site peut contenir des liens hypertextes vers d&rsquo;autres sites. Digitways n&rsquo;exerce aucun contr\u00f4le sur ces sites et d\u00e9cline par cons\u00e9quent toute responsabilit\u00e9 quant \u00e0 leur contenu, leur fonctionnement ou leur acc\u00e8s.<\/p>\n\n\n\n<div style=\"height:31px\" aria-hidden=\"true\" class=\"wp-block-spacer\"><\/div>\n\n\n\n<h2 class=\"wp-block-heading\" style=\"text-transform:none\"><strong>Droit applicable<\/strong><\/h2>\n\n\n\n<p>Le pr\u00e9sent site et les informations qu&rsquo;il contient sont r\u00e9gis par le droit fran\u00e7ais. Tout litige relatif \u00e0 l&rsquo;interpr\u00e9tation et \u00e0 l&rsquo;ex\u00e9cution des pr\u00e9sentes conditions d&rsquo;utilisation sera soumis aux tribunaux comp\u00e9tents de Marseille.<\/p>\n<\/div>\n<\/div>\n\n\n\n<p><\/p>","protected":false},"excerpt":{"rendered":"<p>Mention l\u00e9gales Editeur H\u00e9bergeur Propri\u00e9t\u00e9 intellectuelle L&rsquo;ensemble de ce site (structure, design, textes, images, vid\u00e9os, etc.) est la propri\u00e9t\u00e9 exclusive [&hellip;]<\/p>","protected":false},"author":1,"featured_media":0,"parent":0,"menu_order":0,"comment_status":"closed","ping_status":"open","template":"","meta":{"_uag_custom_page_level_css":"","site-sidebar-layout":"default","site-content-layout":"","ast-site-content-layout":"","site-content-style":"default","site-sidebar-style":"default","ast-global-header-display":"","ast-banner-title-visibility":"","ast-main-header-display":"","ast-hfb-above-header-display":"","ast-hfb-below-header-display":"","ast-hfb-mobile-header-display":"","site-post-title":"disabled","ast-breadcrumbs-content":"","ast-featured-img":"","footer-sml-layout":"","theme-transparent-header-meta":"","adv-header-id-meta":"","stick-header-meta":"","header-above-stick-meta":"","header-main-stick-meta":"","header-below-stick-meta":"","astra-migrate-meta-layouts":"default","ast-page-background-enabled":"default","ast-page-background-meta":{"desktop":{"background-color":"var(--ast-global-color-4)","background-image":"","background-repeat":"repeat","background-position":"center center","background-size":"auto","background-attachment":"scroll","background-type":"","background-media":"","overlay-type":"","overlay-color":"","overlay-opacity":"","overlay-gradient":""},"tablet":{"background-color":"","background-image":"","background-repeat":"repeat","background-position":"center center","background-size":"auto","background-attachment":"scroll","background-type":"","background-media":"","overlay-type":"","overlay-color":"","overlay-opacity":"","overlay-gradient":""},"mobile":{"background-color":"","background-image":"","background-repeat":"repeat","background-position":"center center","background-size":"auto","background-attachment":"scroll","background-type":"","background-media":"","overlay-type":"","overlay-color":"","overlay-opacity":"","overlay-gradient":""}},"ast-content-background-meta":{"desktop":{"background-color":"var(--ast-global-color-5)","background-image":"","background-repeat":"repeat","background-position":"center center","background-size":"auto","background-attachment":"scroll","background-type":"","background-media":"","overlay-type":"","overlay-color":"","overlay-opacity":"","overlay-gradient":""},"tablet":{"background-color":"var(--ast-global-color-5)","background-image":"","background-repeat":"repeat","background-position":"center center","background-size":"auto","background-attachment":"scroll","background-type":"","background-media":"","overlay-type":"","overlay-color":"","overlay-opacity":"","overlay-gradient":""},"mobile":{"background-color":"var(--ast-global-color-5)","background-image":"","background-repeat":"repeat","background-position":"center center","background-size":"auto","background-attachment":"scroll","background-type":"","background-media":"","overlay-type":"","overlay-color":"","overlay-opacity":"","overlay-gradient":""}},"footnotes":""},"class_list":["post-3","page","type-page","status-publish","hentry"],"yoast_head":"<!-- This site is optimized with the Yoast SEO plugin v23.4 - https:\/\/yoast.com\/wordpress\/plugins\/seo\/ -->\n<title>Mentions l\u00e9gales -<\/title>\n<meta name=\"robots\" content=\"index, follow, max-snippet:-1, max-image-preview:large, max-video-preview:-1\" \/>\n<link rel=\"canonical\" href=\"https:\/\/digit-ways.com\/en\/privacy-policy\/\" \/>\n<meta property=\"og:locale\" content=\"en_US\" \/>\n<meta property=\"og:type\" content=\"article\" \/>\n<meta property=\"og:title\" content=\"Mentions l\u00e9gales -\" \/>\n<meta property=\"og:description\" content=\"Mention l\u00e9gales Editeur H\u00e9bergeur Propri\u00e9t\u00e9 intellectuelle L&rsquo;ensemble de ce site (structure, design, textes, images, vid\u00e9os, etc.) est la propri\u00e9t\u00e9 exclusive [&hellip;]\" \/>\n<meta property=\"og:url\" content=\"https:\/\/digit-ways.com\/en\/privacy-policy\/\" \/>\n<meta property=\"article:modified_time\" content=\"2024-09-01T09:30:43+00:00\" \/>\n<meta property=\"og:image\" content=\"https:\/\/i0.wp.com\/digit-ways.com\/wp-content\/uploads\/2024\/09\/Capture-decran-2024-09-12-195141.png?fit=1886%2C780&ssl=1\" \/>\n\t<meta property=\"og:image:width\" content=\"1886\" \/>\n\t<meta property=\"og:image:height\" content=\"780\" \/>\n\t<meta property=\"og:image:type\" content=\"image\/png\" \/>\n<meta name=\"twitter:card\" content=\"summary_large_image\" \/>\n<meta name=\"twitter:label1\" content=\"Est. reading time\" \/>\n\t<meta name=\"twitter:data1\" content=\"2 minutes\" \/>\n<script type=\"application\/ld+json\" class=\"yoast-schema-graph\">{\"@context\":\"https:\/\/schema.org\",\"@graph\":[{\"@type\":\"WebPage\",\"@id\":\"https:\/\/digit-ways.com\/en\/privacy-policy\/\",\"url\":\"https:\/\/digit-ways.com\/en\/privacy-policy\/\",\"name\":\"Mentions l\u00e9gales -\",\"isPartOf\":{\"@id\":\"https:\/\/digit-ways.com\/#website\"},\"datePublished\":\"2024-08-17T11:17:10+00:00\",\"dateModified\":\"2024-09-01T09:30:43+00:00\",\"breadcrumb\":{\"@id\":\"https:\/\/digit-ways.com\/en\/privacy-policy\/#breadcrumb\"},\"inLanguage\":\"en-US\",\"potentialAction\":[{\"@type\":\"ReadAction\",\"target\":[\"https:\/\/digit-ways.com\/en\/privacy-policy\/\"]}]},{\"@type\":\"BreadcrumbList\",\"@id\":\"https:\/\/digit-ways.com\/en\/privacy-policy\/#breadcrumb\",\"itemListElement\":[{\"@type\":\"ListItem\",\"position\":1,\"name\":\"Accueil\",\"item\":\"https:\/\/digit-ways.com\/\"},{\"@type\":\"ListItem\",\"position\":2,\"name\":\"Mentions l\u00e9gales\"}]},{\"@type\":\"WebSite\",\"@id\":\"https:\/\/digit-ways.com\/#website\",\"url\":\"https:\/\/digit-ways.com\/\",\"name\":\"Digit-ways\",\"description\":\"Think digital, act digital\",\"publisher\":{\"@id\":\"https:\/\/digit-ways.com\/#organization\"},\"alternateName\":\"DIgitways\",\"potentialAction\":[{\"@type\":\"SearchAction\",\"target\":{\"@type\":\"EntryPoint\",\"urlTemplate\":\"https:\/\/digit-ways.com\/?s={search_term_string}\"},\"query-input\":{\"@type\":\"PropertyValueSpecification\",\"valueRequired\":true,\"valueName\":\"search_term_string\"}}],\"inLanguage\":\"en-US\"},{\"@type\":\"Organization\",\"@id\":\"https:\/\/digit-ways.com\/#organization\",\"name\":\"Digitways\",\"url\":\"https:\/\/digit-ways.com\/\",\"logo\":{\"@type\":\"ImageObject\",\"inLanguage\":\"en-US\",\"@id\":\"https:\/\/digit-ways.com\/#\/schema\/logo\/image\/\",\"url\":\"https:\/\/i0.wp.com\/digit-ways.com\/wp-content\/uploads\/2024\/08\/cropped-Digitways_logo_horizontal-1.png?fit=320%2C79&ssl=1\",\"contentUrl\":\"https:\/\/i0.wp.com\/digit-ways.com\/wp-content\/uploads\/2024\/08\/cropped-Digitways_logo_horizontal-1.png?fit=320%2C79&ssl=1\",\"width\":320,\"height\":79,\"caption\":\"Digitways\"},\"image\":{\"@id\":\"https:\/\/digit-ways.com\/#\/schema\/logo\/image\/\"},\"sameAs\":[\"https:\/\/www.malt.fr\/profile\/miberrakene\",\"https:\/\/www.linkedin.com\/in\/missipsa-iberrakene\/\"]}]}<\/script>\n<!-- \/ Yoast SEO plugin. -->","yoast_head_json":{"title":"Mentions l\u00e9gales -","robots":{"index":"index","follow":"follow","max-snippet":"max-snippet:-1","max-image-preview":"max-image-preview:large","max-video-preview":"max-video-preview:-1"},"canonical":"https:\/\/digit-ways.com\/en\/privacy-policy\/","og_locale":"en_US","og_type":"article","og_title":"Mentions l\u00e9gales -","og_description":"Mention l\u00e9gales Editeur H\u00e9bergeur Propri\u00e9t\u00e9 intellectuelle L&rsquo;ensemble de ce site (structure, design, textes, images, vid\u00e9os, etc.) est la propri\u00e9t\u00e9 exclusive [&hellip;]","og_url":"https:\/\/digit-ways.com\/en\/privacy-policy\/","article_modified_time":"2024-09-01T09:30:43+00:00","og_image":[{"width":1886,"height":780,"url":"https:\/\/i0.wp.com\/digit-ways.com\/wp-content\/uploads\/2024\/09\/Capture-decran-2024-09-12-195141.png?fit=1886%2C780&ssl=1","type":"image\/png"}],"twitter_card":"summary_large_image","twitter_misc":{"Est. reading time":"2 minutes"},"schema":{"@context":"https:\/\/schema.org","@graph":[{"@type":"WebPage","@id":"https:\/\/digit-ways.com\/en\/privacy-policy\/","url":"https:\/\/digit-ways.com\/en\/privacy-policy\/","name":"Mentions l\u00e9gales -","isPartOf":{"@id":"https:\/\/digit-ways.com\/#website"},"datePublished":"2024-08-17T11:17:10+00:00","dateModified":"2024-09-01T09:30:43+00:00","breadcrumb":{"@id":"https:\/\/digit-ways.com\/en\/privacy-policy\/#breadcrumb"},"inLanguage":"en-US","potentialAction":[{"@type":"ReadAction","target":["https:\/\/digit-ways.com\/en\/privacy-policy\/"]}]},{"@type":"BreadcrumbList","@id":"https:\/\/digit-ways.com\/en\/privacy-policy\/#breadcrumb","itemListElement":[{"@type":"ListItem","position":1,"name":"Accueil","item":"https:\/\/digit-ways.com\/"},{"@type":"ListItem","position":2,"name":"Mentions l\u00e9gales"}]},{"@type":"WebSite","@id":"https:\/\/digit-ways.com\/#website","url":"https:\/\/digit-ways.com\/","name":"Digit-ways","description":"Think digital, act digital","publisher":{"@id":"https:\/\/digit-ways.com\/#organization"},"alternateName":"DIgitways","potentialAction":[{"@type":"SearchAction","target":{"@type":"EntryPoint","urlTemplate":"https:\/\/digit-ways.com\/?s={search_term_string}"},"query-input":{"@type":"PropertyValueSpecification","valueRequired":true,"valueName":"search_term_string"}}],"inLanguage":"en-US"},{"@type":"Organization","@id":"https:\/\/digit-ways.com\/#organization","name":"Digitways","url":"https:\/\/digit-ways.com\/","logo":{"@type":"ImageObject","inLanguage":"en-US","@id":"https:\/\/digit-ways.com\/#\/schema\/logo\/image\/","url":"https:\/\/i0.wp.com\/digit-ways.com\/wp-content\/uploads\/2024\/08\/cropped-Digitways_logo_horizontal-1.png?fit=320%2C79&ssl=1","contentUrl":"https:\/\/i0.wp.com\/digit-ways.com\/wp-content\/uploads\/2024\/08\/cropped-Digitways_logo_horizontal-1.png?fit=320%2C79&ssl=1","width":320,"height":79,"caption":"Digitways"},"image":{"@id":"https:\/\/digit-ways.com\/#\/schema\/logo\/image\/"},"sameAs":["https:\/\/www.malt.fr\/profile\/miberrakene","https:\/\/www.linkedin.com\/in\/missipsa-iberrakene\/"]}]}},"uagb_featured_image_src":{"full":false,"thumbnail":false,"medium":false,"medium_large":false,"large":false,"1536x1536":false,"2048x2048":false,"trp-custom-language-flag":false},"uagb_author_info":{"display_name":"Missipsa Iberrakene","author_link":"https:\/\/digit-ways.com\/en\/author\/digitw_admin\/"},"uagb_comment_info":0,"uagb_excerpt":"Mention l\u00e9gales Editeur H\u00e9bergeur Propri\u00e9t\u00e9 intellectuelle L&rsquo;ensemble de ce site (structure, design, textes, images, vid\u00e9os, etc.) est la propri\u00e9t\u00e9 exclusive [&hellip;]","_links":{"self":[{"href":"https:\/\/digit-ways.com\/en\/wp-json\/wp\/v2\/pages\/3","targetHints":{"allow":["GET"]}}],"collection":[{"href":"https:\/\/digit-ways.com\/en\/wp-json\/wp\/v2\/pages"}],"about":[{"href":"https:\/\/digit-ways.com\/en\/wp-json\/wp\/v2\/types\/page"}],"author":[{"embeddable":true,"href":"https:\/\/digit-ways.com\/en\/wp-json\/wp\/v2\/users\/1"}],"replies":[{"embeddable":true,"href":"https:\/\/digit-ways.com\/en\/wp-json\/wp\/v2\/comments?post=3"}],"version-history":[{"count":36,"href":"https:\/\/digit-ways.com\/en\/wp-json\/wp\/v2\/pages\/3\/revisions"}],"predecessor-version":[{"id":504,"href":"https:\/\/digit-ways.com\/en\/wp-json\/wp\/v2\/pages\/3\/revisions\/504"}],"wp:attachment":[{"href":"https:\/\/digit-ways.com\/en\/wp-json\/wp\/v2\/media?parent=3"}],"curies":[{"name":"wp","href":"https:\/\/api.w.org\/{rel}","templated":true}]}}