{"id":36,"date":"2024-08-19T16:47:20","date_gmt":"2024-08-19T15:47:20","guid":{"rendered":"http:\/\/digit-ways.com\/contact"},"modified":"2024-09-09T07:44:36","modified_gmt":"2024-09-09T06:44:36","slug":"contact","status":"publish","type":"page","link":"https:\/\/digit-ways.com\/en\/contact\/","title":{"rendered":"Contact"},"content":{"rendered":"<div class=\"wp-block-uagb-container uagb-block-cd2bf25d alignfull uagb-is-root-container\"><div class=\"uagb-container-inner-blocks-wrap\">\n<div class=\"wp-block-uagb-advanced-heading uagb-block-26b518ac\"><h1 class=\"uagb-heading-text\">Let me know how I can help!<\/h1><\/div>\n<\/div><\/div>\n\n\n\n<div class=\"wp-block-uagb-container uagb-block-c7670046 alignfull uagb-is-root-container\"><div class=\"uagb-container-inner-blocks-wrap\">\n<div class=\"wp-block-uagb-container uagb-block-05153808\">\n<div class=\"wp-block-uagb-container uagb-block-faa1c24d\">\n<div class=\"wp-block-uagb-info-box uagb-block-8caded58 uagb-infobox__content-wrap  uagb-infobox-icon-above-title uagb-infobox-image-valign-top\"><div class=\"uagb-ifb-content\"><div class=\"uagb-ifb-icon-wrap\"><div class=\"uagb-iconbox-icon-wrap uagb-infobox-shape-circle\"><svg xmlns=\"https:\/\/www.w3.org\/2000\/svg\" viewbox=\"0 0 512 512\"><path d=\"M511.2 387l-23.25 100.8c-3.266 14.25-15.79 24.22-30.46 24.22C205.2 512 0 306.8 0 54.5c0-14.66 9.969-27.2 24.22-30.45l100.8-23.25C139.7-2.602 154.7 5.018 160.8 18.92l46.52 108.5c5.438 12.78 1.77 27.67-8.98 36.45L144.5 207.1c33.98 69.22 90.26 125.5 159.5 159.5l44.08-53.8c8.688-10.78 23.69-14.51 36.47-8.975l108.5 46.51C506.1 357.2 514.6 372.4 511.2 387z\"><\/path><\/svg><\/div><\/div><div class=\"uagb-ifb-title-wrap\"><span class=\"uagb-ifb-title-prefix\">Phone<\/span><p class=\"uagb-ifb-title\">+33 (0) 6 51 03 61 28<\/p><\/div><\/div><\/div>\n<\/div>\n\n\n\n<div class=\"wp-block-uagb-container uagb-block-d4c5e935\">\n<div class=\"wp-block-uagb-info-box uagb-block-4c21e0a2 uagb-infobox__content-wrap  uagb-infobox-icon-above-title uagb-infobox-image-valign-top\"><div class=\"uagb-ifb-content\"><div class=\"uagb-ifb-icon-wrap\"><div class=\"uagb-iconbox-icon-wrap uagb-infobox-shape-circle\"><svg xmlns=\"https:\/\/www.w3.org\/2000\/svg\" viewbox=\"0 0 512 512\"><path d=\"M464 64C490.5 64 512 85.49 512 112C512 127.1 504.9 141.3 492.8 150.4L275.2 313.6C263.8 322.1 248.2 322.1 236.8 313.6L19.2 150.4C7.113 141.3 0 127.1 0 112C0 85.49 21.49 64 48 64H464zM217.6 339.2C240.4 356.3 271.6 356.3 294.4 339.2L512 176V384C512 419.3 483.3 448 448 448H64C28.65 448 0 419.3 0 384V176L217.6 339.2z\"><\/path><\/svg><\/div><\/div><div class=\"uagb-ifb-title-wrap\"><span class=\"uagb-ifb-title-prefix\">E-mail<\/span><p class=\"uagb-ifb-title\"><a href=\"mailto:contact@digit-ways.com\">contact@digit-ways.com<\/a><\/p><\/div><\/div><\/div>\n<\/div>\n\n\n\n<div class=\"wp-block-uagb-container uagb-block-bd101414\">\n<div class=\"wp-block-uagb-info-box uagb-block-c502e423 uagb-infobox__content-wrap  uagb-infobox-icon-above-title uagb-infobox-image-valign-top\"><div class=\"uagb-ifb-content\"><div class=\"uagb-ifb-icon-wrap\"><div class=\"uagb-iconbox-icon-wrap uagb-infobox-shape-circle\"><svg xmlns=\"https:\/\/www.w3.org\/2000\/svg\" viewbox=\"0 0 384 512\"><path d=\"M168.3 499.2C116.1 435 0 279.4 0 192C0 85.96 85.96 0 192 0C298 0 384 85.96 384 192C384 279.4 267 435 215.7 499.2C203.4 514.5 180.6 514.5 168.3 499.2H168.3zM192 256C227.3 256 256 227.3 256 192C256 156.7 227.3 128 192 128C156.7 128 128 156.7 128 192C128 227.3 156.7 256 192 256z\"><\/path><\/svg><\/div><\/div><div class=\"uagb-ifb-title-wrap\"><span class=\"uagb-ifb-title-prefix\">Address<\/span><p class=\"uagb-ifb-title\">Marseille<\/p><\/div><\/div><\/div>\n<\/div>\n<\/div>\n\n\n\n<div class=\"wp-block-uagb-container uagb-block-53d0dc4d\">\n<div class=\"wp-block-uagb-container uagb-block-313ba1a6\">\n<div class=\"wp-block-uagb-advanced-heading uagb-block-437eec5d\"><h2 class=\"uagb-heading-text\">Please fill out the form below to contact me<\/h2><div class=\"uagb-separator\"><\/div><\/div>\n\n\n\n<div class=\"wp-block-uagb-advanced-heading uagb-block-f72e59a5\"><h5 class=\"uagb-heading-text\">Let's discuss this in more detail. Connect with me on LinkedIn or Malt!<\/h5><\/div>\n\n\n\n<div class=\"wp-block-uagb-icon-list uagb-block-8ec401ad\"><div class=\"uagb-icon-list__wrap\">\n<div class=\"wp-block-uagb-icon-list-child uagb-block-f139fff5\"><a target=\"_blank\" aria-label=\"\u00c9l\u00e9ment de liste\" rel=\"noopener noreferrer\" href=\"https:\/\/www.linkedin.com\/in\/missipsa-iberrakene\/\"> <\/a><span class=\"uagb-icon-list__source-wrap\"><svg xmlns=\"https:\/\/www.w3.org\/2000\/svg\" viewbox=\"0 0 448 512\"><path d=\"M100.3 448H7.4V148.9h92.88zM53.79 108.1C24.09 108.1 0 83.5 0 53.8a53.79 53.79 0 0 1 107.6 0c0 29.7-24.1 54.3-53.79 54.3zM447.9 448h-92.68V302.4c0-34.7-.7-79.2-48.29-79.2-48.29 0-55.69 37.7-55.69 76.7V448h-92.78V148.9h89.08v40.8h1.3c12.4-23.5 42.69-48.3 87.88-48.3 94 0 111.3 61.9 111.3 142.3V448z\"><\/path><\/svg><\/span><\/div>\n\n\n\n<div class=\"wp-block-uagb-icon-list-child uagb-block-3cb90d88\"><a target=\"_blank\" aria-label=\"\u00c9l\u00e9ment de liste\" rel=\"noopener noreferrer\" href=\"https:\/\/www.malt.fr\/profile\/miberrakene\"> <\/a><span class=\"uagb-icon-list__source-wrap\"><img data-recalc-dims=\"1\" decoding=\"async\" class=\"uagb-icon-list__source-image\" src=\"https:\/\/i0.wp.com\/digit-ways.com\/wp-content\/uploads\/2024\/08\/logo-malt.png?resize=25%2C25\" width=\"25\" height=\"25\" loading=\"lazy\" alt=\"\"\/><\/span><\/div>\n<\/div><\/div>\n<\/div>\n\n\n\n<div class=\"wp-block-uagb-forms uagb-forms__outer-wrap uagb-block-91a5b736 uagb-forms__medium-btn\"><form class=\"uagb-forms-main-form\" method=\"post\" autocomplete=\"on\" name=\"uagb-form-91a5b736\" action=\"\">\n<div class=\"wp-block-uagb-forms-name uagb-forms-name-wrap uagb-forms-field-set uagb-block-f769c8c2\"><div class=\"uagb-forms-name-label required uagb-forms-input-label\" id=\"f769c8c2\">First Name<\/div><input type=\"text\" placeholder=\"Name &amp; surname\" required class=\"uagb-forms-name-input uagb-forms-input\" name=\"f769c8c2\" autocomplete=\"name\"\/><\/div>\n\n\n\n<div class=\"wp-block-uagb-forms-email uagb-forms-email-wrap uagb-forms-field-set uagb-block-904945f4\"><div class=\"uagb-forms-email-label required uagb-forms-input-label\" id=\"904945f4\">E-mail<\/div><input type=\"email\" class=\"uagb-forms-email-input uagb-forms-input\" placeholder=\"E-mail\" required name=\"904945f4\" autocomplete=\"email\"\/><\/div>\n\n\n\n<div class=\"wp-block-uagb-forms-textarea uagb-forms-textarea-wrap uagb-forms-field-set uagb-block-abb23ebd\"><div class=\"uagb-forms-textarea-label required uagb-forms-input-label\" id=\"abb23ebd\">Message<\/div><textarea required class=\"uagb-forms-textarea-input uagb-forms-input\" rows=\"6\" placeholder=\"Enter your message\" name=\"abb23ebd\" autocomplete=\"off\"><\/textarea><\/div>\n<div class=\"uagb-forms-form-hidden-data\"><input type=\"hidden\" class=\"uagb_forms_form_label\" value=\"Formulaire\"\/><input type=\"hidden\" class=\"uagb_forms_form_id\" value=\"uagb-form-91a5b736\"\/><\/div><div class=\"uagb-form-reacaptcha-error-91a5b736\"><\/div><div class=\"uagb-forms-main-submit-button-wrap wp-block-button\"><button class=\"uagb-forms-main-submit-button wp-block-button__link\"><div class=\"uagb-forms-main-submit-button-text\">Send<\/div><\/button><\/div><input type=\"hidden\" name=\"trp-form-language\" value=\"en\"\/><\/form><div class=\"uagb-forms-success-message-91a5b736 uagb-forms-submit-message-hide\"><span>Merci pour votre message ! Votre demande a bien \u00e9t\u00e9 re\u00e7ue. Je vais l&rsquo;examiner avec soin et vous recontacterai tr\u00e8s rapidement pour \u00e9changer sur votre projet.<\/span><\/div><div class=\"uagb-forms-failed-message-91a5b736 uagb-forms-submit-message-hide\"><span>Une erreur est survenue lors de l&rsquo;envoi du formulaire. Merci de v\u00e9rifier tous les champs et de r\u00e9essayer. Si le probl\u00e8me persiste, je vous invite \u00e0 me contacter directement via LinkedIn ou Malt.<\/span><\/div><\/div>\n<\/div>\n<\/div><\/div>\n\n\n\n<div class=\"wp-block-uagb-container uagb-block-27be5c5d alignfull uagb-is-root-container\">\t\t\t<div \n\t\t\tclass=\"wp-block-uagb-google-map uagb-google-map__wrap uagb-block-229b90f5\"\n\t\t\tstyle=\"\" >\n\t\t\t\t<embed\n\t\t\t\t\tclass=\"uagb-google-map__iframe\"\n\t\t\t\t\ttitle=\"Google Map for \"\n\t\t\t\t\tsrc=\"https:\/\/maps.google.com\/maps?q=Marseille&#038;z=12&#038;hl=en&#038;t=m&#038;output=embed&#038;iwloc=near\"\n\t\t\t\t\twidth=\"640\"\n\t\t\t\t\theight=\"500\"\n\t\t\t\t\tloading=\"lazy\"\n\t\t\t\t><\/embed>\n\t\t\t<\/div>\n\t\t\t<\/div>\n\n\n\n<div class=\"wp-block-uagb-container uagb-block-e48afbb0 alignfull uagb-is-root-container\"><div class=\"uagb-container-inner-blocks-wrap\">\n<div class=\"wp-block-uagb-info-box uagb-block-c1c19ed1 uagb-infobox__content-wrap  uagb-infobox-icon-above-title uagb-infobox-image-valign-top wp-block-uagb-info-box--has-margin\"><div class=\"uagb-infobox-margin-wrapper\"><div class=\"uagb-ifb-content\"><div class=\"uagb-ifb-title-wrap\"><span class=\"uagb-ifb-title-prefix\">Contact me<\/span><h2 class=\"uagb-ifb-title\">Want to take your business to the next level?<\/h2><\/div><p class=\"uagb-ifb-desc\">Reach out to me for customized guidance and solutions to address your company's specific requirements<\/p><div class=\"uagb-ifb-button-wrapper wp-block-button\"><a href=\"https:\/\/digit-ways.com\/en\/contact\/\" class=\"uagb-infobox-cta-link wp-block-button__link\" target=\"_self\" rel=\"noopener noreferrer\" onclick=\"return true;\"><span class=\"uagb-inline-editing\">Learn more<\/span><\/a><\/div><\/div><\/div><\/div>\n<\/div><\/div>","protected":false},"excerpt":{"rendered":"<p>Je suis l\u00e0 pour vous accompagner ! Veuillez remplir le formulaire ci-dessous pour me contacter On en parle plus en [&hellip;]<\/p>","protected":false},"author":1,"featured_media":0,"parent":0,"menu_order":0,"comment_status":"closed","ping_status":"closed","template":"","meta":{"_uag_custom_page_level_css":"","site-sidebar-layout":"default","site-content-layout":"","ast-site-content-layout":"","site-content-style":"default","site-sidebar-style":"default","ast-global-header-display":"","ast-banner-title-visibility":"","ast-main-header-display":"","ast-hfb-above-header-display":"","ast-hfb-below-header-display":"","ast-hfb-mobile-header-display":"","site-post-title":"disabled","ast-breadcrumbs-content":"","ast-featured-img":"","footer-sml-layout":"","theme-transparent-header-meta":"","adv-header-id-meta":"","stick-header-meta":"","header-above-stick-meta":"","header-main-stick-meta":"","header-below-stick-meta":"","astra-migrate-meta-layouts":"default","ast-page-background-enabled":"default","ast-page-background-meta":{"desktop":{"background-color":"var(--ast-global-color-4)","background-image":"","background-repeat":"repeat","background-position":"center center","background-size":"auto","background-attachment":"scroll","background-type":"","background-media":"","overlay-type":"","overlay-color":"","overlay-opacity":"","overlay-gradient":""},"tablet":{"background-color":"","background-image":"","background-repeat":"repeat","background-position":"center center","background-size":"auto","background-attachment":"scroll","background-type":"","background-media":"","overlay-type":"","overlay-color":"","overlay-opacity":"","overlay-gradient":""},"mobile":{"background-color":"","background-image":"","background-repeat":"repeat","background-position":"center center","background-size":"auto","background-attachment":"scroll","background-type":"","background-media":"","overlay-type":"","overlay-color":"","overlay-opacity":"","overlay-gradient":""}},"ast-content-background-meta":{"desktop":{"background-color":"var(--ast-global-color-5)","background-image":"","background-repeat":"repeat","background-position":"center center","background-size":"auto","background-attachment":"scroll","background-type":"","background-media":"","overlay-type":"","overlay-color":"","overlay-opacity":"","overlay-gradient":""},"tablet":{"background-color":"var(--ast-global-color-5)","background-image":"","background-repeat":"repeat","background-position":"center center","background-size":"auto","background-attachment":"scroll","background-type":"","background-media":"","overlay-type":"","overlay-color":"","overlay-opacity":"","overlay-gradient":""},"mobile":{"background-color":"var(--ast-global-color-5)","background-image":"","background-repeat":"repeat","background-position":"center center","background-size":"auto","background-attachment":"scroll","background-type":"","background-media":"","overlay-type":"","overlay-color":"","overlay-opacity":"","overlay-gradient":""}},"footnotes":""},"class_list":["post-36","page","type-page","status-publish","hentry"],"yoast_head":"<!-- This site is optimized with the Yoast SEO plugin v23.4 - https:\/\/yoast.com\/wordpress\/plugins\/seo\/ -->\n<title>Contact -<\/title>\n<meta name=\"robots\" content=\"index, follow, max-snippet:-1, max-image-preview:large, max-video-preview:-1\" \/>\n<link rel=\"canonical\" href=\"https:\/\/digit-ways.com\/en\/contact\/\" \/>\n<meta property=\"og:locale\" content=\"en_US\" \/>\n<meta property=\"og:type\" content=\"article\" \/>\n<meta property=\"og:title\" content=\"Contact -\" \/>\n<meta property=\"og:description\" content=\"Je suis l\u00e0 pour vous accompagner ! Veuillez remplir le formulaire ci-dessous pour me contacter On en parle plus en [&hellip;]\" \/>\n<meta property=\"og:url\" content=\"https:\/\/digit-ways.com\/en\/contact\/\" \/>\n<meta property=\"article:modified_time\" content=\"2024-09-09T06:44:36+00:00\" \/>\n<meta property=\"og:image\" content=\"http:\/\/digit-ways.com\/wp-content\/uploads\/2024\/08\/logo-malt.png\" \/>\n<meta name=\"twitter:card\" content=\"summary_large_image\" \/>\n<meta name=\"twitter:label1\" content=\"Est. reading time\" \/>\n\t<meta name=\"twitter:data1\" content=\"1 minute\" \/>\n<script type=\"application\/ld+json\" class=\"yoast-schema-graph\">{\"@context\":\"https:\/\/schema.org\",\"@graph\":[{\"@type\":\"WebPage\",\"@id\":\"https:\/\/digit-ways.com\/contact\/\",\"url\":\"https:\/\/digit-ways.com\/contact\/\",\"name\":\"Contact -\",\"isPartOf\":{\"@id\":\"https:\/\/digit-ways.com\/#website\"},\"primaryImageOfPage\":{\"@id\":\"https:\/\/digit-ways.com\/contact\/#primaryimage\"},\"image\":{\"@id\":\"https:\/\/digit-ways.com\/contact\/#primaryimage\"},\"thumbnailUrl\":\"http:\/\/digit-ways.com\/wp-content\/uploads\/2024\/08\/logo-malt.png\",\"datePublished\":\"2024-08-19T15:47:20+00:00\",\"dateModified\":\"2024-09-09T06:44:36+00:00\",\"breadcrumb\":{\"@id\":\"https:\/\/digit-ways.com\/contact\/#breadcrumb\"},\"inLanguage\":\"en-US\",\"potentialAction\":[{\"@type\":\"ReadAction\",\"target\":[\"https:\/\/digit-ways.com\/contact\/\"]}]},{\"@type\":\"ImageObject\",\"inLanguage\":\"en-US\",\"@id\":\"https:\/\/digit-ways.com\/contact\/#primaryimage\",\"url\":\"http:\/\/digit-ways.com\/wp-content\/uploads\/2024\/08\/logo-malt.png\",\"contentUrl\":\"http:\/\/digit-ways.com\/wp-content\/uploads\/2024\/08\/logo-malt.png\"},{\"@type\":\"BreadcrumbList\",\"@id\":\"https:\/\/digit-ways.com\/contact\/#breadcrumb\",\"itemListElement\":[{\"@type\":\"ListItem\",\"position\":1,\"name\":\"Accueil\",\"item\":\"https:\/\/digit-ways.com\/\"},{\"@type\":\"ListItem\",\"position\":2,\"name\":\"Contact\"}]},{\"@type\":\"WebSite\",\"@id\":\"https:\/\/digit-ways.com\/#website\",\"url\":\"https:\/\/digit-ways.com\/\",\"name\":\"Digit-ways\",\"description\":\"Think digital, act digital\",\"publisher\":{\"@id\":\"https:\/\/digit-ways.com\/#organization\"},\"alternateName\":\"DIgitways\",\"potentialAction\":[{\"@type\":\"SearchAction\",\"target\":{\"@type\":\"EntryPoint\",\"urlTemplate\":\"https:\/\/digit-ways.com\/?s={search_term_string}\"},\"query-input\":{\"@type\":\"PropertyValueSpecification\",\"valueRequired\":true,\"valueName\":\"search_term_string\"}}],\"inLanguage\":\"en-US\"},{\"@type\":\"Organization\",\"@id\":\"https:\/\/digit-ways.com\/#organization\",\"name\":\"Digitways\",\"url\":\"https:\/\/digit-ways.com\/\",\"logo\":{\"@type\":\"ImageObject\",\"inLanguage\":\"en-US\",\"@id\":\"https:\/\/digit-ways.com\/#\/schema\/logo\/image\/\",\"url\":\"https:\/\/i0.wp.com\/digit-ways.com\/wp-content\/uploads\/2024\/08\/cropped-Digitways_logo_horizontal-1.png?fit=320%2C79&ssl=1\",\"contentUrl\":\"https:\/\/i0.wp.com\/digit-ways.com\/wp-content\/uploads\/2024\/08\/cropped-Digitways_logo_horizontal-1.png?fit=320%2C79&ssl=1\",\"width\":320,\"height\":79,\"caption\":\"Digitways\"},\"image\":{\"@id\":\"https:\/\/digit-ways.com\/#\/schema\/logo\/image\/\"},\"sameAs\":[\"https:\/\/www.malt.fr\/profile\/miberrakene\",\"https:\/\/www.linkedin.com\/in\/missipsa-iberrakene\/\"]}]}<\/script>\n<!-- \/ Yoast SEO plugin. -->","yoast_head_json":{"title":"Contact -","robots":{"index":"index","follow":"follow","max-snippet":"max-snippet:-1","max-image-preview":"max-image-preview:large","max-video-preview":"max-video-preview:-1"},"canonical":"https:\/\/digit-ways.com\/en\/contact\/","og_locale":"en_US","og_type":"article","og_title":"Contact -","og_description":"Je suis l\u00e0 pour vous accompagner ! Veuillez remplir le formulaire ci-dessous pour me contacter On en parle plus en [&hellip;]","og_url":"https:\/\/digit-ways.com\/en\/contact\/","article_modified_time":"2024-09-09T06:44:36+00:00","og_image":[{"url":"http:\/\/digit-ways.com\/wp-content\/uploads\/2024\/08\/logo-malt.png"}],"twitter_card":"summary_large_image","twitter_misc":{"Est. reading time":"1 minute"},"schema":{"@context":"https:\/\/schema.org","@graph":[{"@type":"WebPage","@id":"https:\/\/digit-ways.com\/contact\/","url":"https:\/\/digit-ways.com\/contact\/","name":"Contact -","isPartOf":{"@id":"https:\/\/digit-ways.com\/#website"},"primaryImageOfPage":{"@id":"https:\/\/digit-ways.com\/contact\/#primaryimage"},"image":{"@id":"https:\/\/digit-ways.com\/contact\/#primaryimage"},"thumbnailUrl":"http:\/\/digit-ways.com\/wp-content\/uploads\/2024\/08\/logo-malt.png","datePublished":"2024-08-19T15:47:20+00:00","dateModified":"2024-09-09T06:44:36+00:00","breadcrumb":{"@id":"https:\/\/digit-ways.com\/contact\/#breadcrumb"},"inLanguage":"en-US","potentialAction":[{"@type":"ReadAction","target":["https:\/\/digit-ways.com\/contact\/"]}]},{"@type":"ImageObject","inLanguage":"en-US","@id":"https:\/\/digit-ways.com\/contact\/#primaryimage","url":"http:\/\/digit-ways.com\/wp-content\/uploads\/2024\/08\/logo-malt.png","contentUrl":"http:\/\/digit-ways.com\/wp-content\/uploads\/2024\/08\/logo-malt.png"},{"@type":"BreadcrumbList","@id":"https:\/\/digit-ways.com\/contact\/#breadcrumb","itemListElement":[{"@type":"ListItem","position":1,"name":"Accueil","item":"https:\/\/digit-ways.com\/"},{"@type":"ListItem","position":2,"name":"Contact"}]},{"@type":"WebSite","@id":"https:\/\/digit-ways.com\/#website","url":"https:\/\/digit-ways.com\/","name":"Digit-ways","description":"Think digital, act digital","publisher":{"@id":"https:\/\/digit-ways.com\/#organization"},"alternateName":"DIgitways","potentialAction":[{"@type":"SearchAction","target":{"@type":"EntryPoint","urlTemplate":"https:\/\/digit-ways.com\/?s={search_term_string}"},"query-input":{"@type":"PropertyValueSpecification","valueRequired":true,"valueName":"search_term_string"}}],"inLanguage":"en-US"},{"@type":"Organization","@id":"https:\/\/digit-ways.com\/#organization","name":"Digitways","url":"https:\/\/digit-ways.com\/","logo":{"@type":"ImageObject","inLanguage":"en-US","@id":"https:\/\/digit-ways.com\/#\/schema\/logo\/image\/","url":"https:\/\/i0.wp.com\/digit-ways.com\/wp-content\/uploads\/2024\/08\/cropped-Digitways_logo_horizontal-1.png?fit=320%2C79&ssl=1","contentUrl":"https:\/\/i0.wp.com\/digit-ways.com\/wp-content\/uploads\/2024\/08\/cropped-Digitways_logo_horizontal-1.png?fit=320%2C79&ssl=1","width":320,"height":79,"caption":"Digitways"},"image":{"@id":"https:\/\/digit-ways.com\/#\/schema\/logo\/image\/"},"sameAs":["https:\/\/www.malt.fr\/profile\/miberrakene","https:\/\/www.linkedin.com\/in\/missipsa-iberrakene\/"]}]}},"uagb_featured_image_src":{"full":false,"thumbnail":false,"medium":false,"medium_large":false,"large":false,"1536x1536":false,"2048x2048":false,"trp-custom-language-flag":false},"uagb_author_info":{"display_name":"Missipsa Iberrakene","author_link":"https:\/\/digit-ways.com\/en\/author\/digitw_admin\/"},"uagb_comment_info":0,"uagb_excerpt":"Je suis l\u00e0 pour vous accompagner ! Veuillez remplir le formulaire ci-dessous pour me contacter On en parle plus en [&hellip;]","_links":{"self":[{"href":"https:\/\/digit-ways.com\/en\/wp-json\/wp\/v2\/pages\/36","targetHints":{"allow":["GET"]}}],"collection":[{"href":"https:\/\/digit-ways.com\/en\/wp-json\/wp\/v2\/pages"}],"about":[{"href":"https:\/\/digit-ways.com\/en\/wp-json\/wp\/v2\/types\/page"}],"author":[{"embeddable":true,"href":"https:\/\/digit-ways.com\/en\/wp-json\/wp\/v2\/users\/1"}],"replies":[{"embeddable":true,"href":"https:\/\/digit-ways.com\/en\/wp-json\/wp\/v2\/comments?post=36"}],"version-history":[{"count":21,"href":"https:\/\/digit-ways.com\/en\/wp-json\/wp\/v2\/pages\/36\/revisions"}],"predecessor-version":[{"id":722,"href":"https:\/\/digit-ways.com\/en\/wp-json\/wp\/v2\/pages\/36\/revisions\/722"}],"wp:attachment":[{"href":"https:\/\/digit-ways.com\/en\/wp-json\/wp\/v2\/media?parent=36"}],"curies":[{"name":"wp","href":"https:\/\/api.w.org\/{rel}","templated":true}]}}